{"id":2,"date":"2024-01-10T16:12:47","date_gmt":"2024-01-10T16:12:47","guid":{"rendered":"http:\/\/autotec.pt.c50.previewmysite.eu\/demo\/?page_id=2"},"modified":"2024-01-20T09:48:06","modified_gmt":"2024-01-20T09:48:06","slug":"pagina-exemplo","status":"publish","type":"page","link":"https:\/\/autotec.pt\/demo\/?page_id=2","title":{"rendered":"Sobre n\u00f3s"},"content":{"rendered":"<p>[vc_row full_width=&#8221;stretch_row_content&#8221;][vc_column][vc_single_image image=&#8221;242&#8243; img_size=&#8221;full&#8221; alignment=&#8221;center&#8221;][vc_empty_space height=&#8221;42&#8243;][\/vc_column][\/vc_row][vc_row][vc_column width=&#8221;1\/2&#8243;][vc_column_text]<\/p>\r\n<h5><span style=\"color: #333399;\">Bem-vindo(a)<\/span><\/h5>\r\n<p>[\/vc_column_text][vc_empty_space height=&#8221;12&#8243;][vc_column_text]A Autotec \u00e9 uma empresa fundada em 1987 vocacionada para a comercializa\u00e7\u00e3o e assist\u00eancia t\u00e9cnica a equipamentos para oficinas.<\/p>\r\n<p>Representa desde essa data em exclusivo conceituados fabricantes Europeus de diagn\u00f3stico Auto, sendo fornecedor de marcas homologadas das marcas Peugeot, Citroen, Renault\/Nissan, Mitsubishi.<\/p>\r\n<p>Com o evoluir do mercado, alargou a sua gama de produtos, podendo hoje oferecer uma vasta gama de equipamentos para montar uma oficina Auto, desde o diagn\u00f3stico, mec\u00e2nica, A\/C, pneus, chapa, pintura at\u00e9 aos centros de inspec\u00e7\u00e3o IPO.<\/p>\r\n<p>Durante estes 37 anos de trabalho, pensamos ter desenvolvido uma rela\u00e7\u00e3o not\u00e1vel fornecedor\/cliente n\u00e3o descurando de apresentar anualmente todas as novidades que v\u00e3o aparecendo no mercado internacional.<\/p>\r\n<p>[\/vc_column_text][vc_column_text]<\/p>\r\n<!-- \/wp:post-content -->\r\n<p><!-- wp:table \/-->Temos por miss\u00e3o oferecer, aos nossos clientes, a melhor solu\u00e7\u00e3o integrada em equipamentos para oficinas, atrav\u00e9s de uma rela\u00e7\u00e3o t\u00e9cnico-comercial forte, caracterizada pelo profissionalismo dos nossos colaboradores, incentivando a confian\u00e7a m\u00fatua de modo a perpetuar as rela\u00e7\u00f5es Autotec-Cliente.<\/p>\r\n<p><!-- \/wp:paragraph -->[\/vc_column_text][\/vc_column][vc_column width=&#8221;1\/2&#8243;][vc_single_image image=&#8221;206&#8243; img_size=&#8221;full&#8221; alignment=&#8221;center&#8221; style=&#8221;vc_box_shadow_3d&#8221;][\/vc_column][\/vc_row][vc_row][vc_column][vc_empty_space height=&#8221;42&#8243;][\/vc_column][\/vc_row]<\/p>","protected":false},"excerpt":{"rendered":"<p>[vc_row full_width=&#8221;stretch_row_content&#8221;][vc_column][vc_single_image image=&#8221;242&#8243; img_size=&#8221;full&#8221; alignment=&#8221;center&#8221;][vc_empty_space height=&#8221;42&#8243;][\/vc_column][\/vc_row][vc_row][vc_column width=&#8221;1\/2&#8243;][vc_column_text] Bem-vindo(a) [\/vc_column_text][vc_empty_space height=&#8221;12&#8243;][vc_column_text]A Autotec \u00e9 uma empresa fundada em 1987 vocacionada para a comercializa\u00e7\u00e3o e assist\u00eancia t\u00e9cnica a equipamentos para oficinas. Representa desde essa data em exclusivo conceituados fabricantes Europeus de diagn\u00f3stico Auto, sendo fornecedor de marcas homologadas das marcas Peugeot, Citroen, Renault\/Nissan, Mitsubishi. Com o evoluir do [&hellip;]<\/p>\n","protected":false},"author":1,"featured_media":0,"parent":0,"menu_order":0,"comment_status":"closed","ping_status":"open","template":"","meta":{"footnotes":""},"class_list":["post-2","page","type-page","status-publish","hentry"],"yoast_head":"<!-- This site is optimized with the Yoast SEO plugin v24.6 - https:\/\/yoast.com\/wordpress\/plugins\/seo\/ -->\n<title>Sobre n\u00f3s - AUTOTEC, Lda<\/title>\n<meta name=\"robots\" content=\"index, follow, max-snippet:-1, max-image-preview:large, max-video-preview:-1\" \/>\n<link rel=\"canonical\" href=\"https:\/\/autotec.pt\/demo\/?page_id=2\" \/>\n<meta property=\"og:locale\" content=\"pt_PT\" \/>\n<meta property=\"og:type\" content=\"article\" \/>\n<meta property=\"og:title\" content=\"Sobre n\u00f3s - AUTOTEC, Lda\" \/>\n<meta property=\"og:description\" content=\"[vc_row full_width=&#8221;stretch_row_content&#8221;][vc_column][vc_single_image image=&#8221;242&#8243; img_size=&#8221;full&#8221; alignment=&#8221;center&#8221;][vc_empty_space height=&#8221;42&#8243;][\/vc_column][\/vc_row][vc_row][vc_column width=&#8221;1\/2&#8243;][vc_column_text] Bem-vindo(a) [\/vc_column_text][vc_empty_space height=&#8221;12&#8243;][vc_column_text]A Autotec \u00e9 uma empresa fundada em 1987 vocacionada para a comercializa\u00e7\u00e3o e assist\u00eancia t\u00e9cnica a equipamentos para oficinas. Representa desde essa data em exclusivo conceituados fabricantes Europeus de diagn\u00f3stico Auto, sendo fornecedor de marcas homologadas das marcas Peugeot, Citroen, Renault\/Nissan, Mitsubishi. Com o evoluir do [&hellip;]\" \/>\n<meta property=\"og:url\" content=\"https:\/\/autotec.pt\/demo\/?page_id=2\" \/>\n<meta property=\"og:site_name\" content=\"AUTOTEC, Lda\" \/>\n<meta property=\"article:modified_time\" content=\"2024-01-20T09:48:06+00:00\" \/>\n<meta name=\"twitter:card\" content=\"summary_large_image\" \/>\n<meta name=\"twitter:label1\" content=\"Tempo estimado de leitura\" \/>\n\t<meta name=\"twitter:data1\" content=\"1 minuto\" \/>\n<script type=\"application\/ld+json\" class=\"yoast-schema-graph\">{\"@context\":\"https:\/\/schema.org\",\"@graph\":[{\"@type\":\"WebPage\",\"@id\":\"https:\/\/autotec.pt\/demo\/?page_id=2\",\"url\":\"https:\/\/autotec.pt\/demo\/?page_id=2\",\"name\":\"Sobre n\u00f3s - AUTOTEC, Lda\",\"isPartOf\":{\"@id\":\"https:\/\/autotec.pt\/demo\/#website\"},\"datePublished\":\"2024-01-10T16:12:47+00:00\",\"dateModified\":\"2024-01-20T09:48:06+00:00\",\"breadcrumb\":{\"@id\":\"https:\/\/autotec.pt\/demo\/?page_id=2#breadcrumb\"},\"inLanguage\":\"pt-PT\",\"potentialAction\":[{\"@type\":\"ReadAction\",\"target\":[\"https:\/\/autotec.pt\/demo\/?page_id=2\"]}]},{\"@type\":\"BreadcrumbList\",\"@id\":\"https:\/\/autotec.pt\/demo\/?page_id=2#breadcrumb\",\"itemListElement\":[{\"@type\":\"ListItem\",\"position\":1,\"name\":\"In\u00edcio\",\"item\":\"https:\/\/autotec.pt\/demo\/\"},{\"@type\":\"ListItem\",\"position\":2,\"name\":\"Sobre n\u00f3s\"}]},{\"@type\":\"WebSite\",\"@id\":\"https:\/\/autotec.pt\/demo\/#website\",\"url\":\"https:\/\/autotec.pt\/demo\/\",\"name\":\"AUTOTEC, Lda\",\"description\":\"T\u00e9cnicas de Equipamento Auto\",\"potentialAction\":[{\"@type\":\"SearchAction\",\"target\":{\"@type\":\"EntryPoint\",\"urlTemplate\":\"https:\/\/autotec.pt\/demo\/?s={search_term_string}\"},\"query-input\":{\"@type\":\"PropertyValueSpecification\",\"valueRequired\":true,\"valueName\":\"search_term_string\"}}],\"inLanguage\":\"pt-PT\"}]}<\/script>\n<!-- \/ Yoast SEO plugin. -->","yoast_head_json":{"title":"Sobre n\u00f3s - AUTOTEC, Lda","robots":{"index":"index","follow":"follow","max-snippet":"max-snippet:-1","max-image-preview":"max-image-preview:large","max-video-preview":"max-video-preview:-1"},"canonical":"https:\/\/autotec.pt\/demo\/?page_id=2","og_locale":"pt_PT","og_type":"article","og_title":"Sobre n\u00f3s - AUTOTEC, Lda","og_description":"[vc_row full_width=&#8221;stretch_row_content&#8221;][vc_column][vc_single_image image=&#8221;242&#8243; img_size=&#8221;full&#8221; alignment=&#8221;center&#8221;][vc_empty_space height=&#8221;42&#8243;][\/vc_column][\/vc_row][vc_row][vc_column width=&#8221;1\/2&#8243;][vc_column_text] Bem-vindo(a) [\/vc_column_text][vc_empty_space height=&#8221;12&#8243;][vc_column_text]A Autotec \u00e9 uma empresa fundada em 1987 vocacionada para a comercializa\u00e7\u00e3o e assist\u00eancia t\u00e9cnica a equipamentos para oficinas. Representa desde essa data em exclusivo conceituados fabricantes Europeus de diagn\u00f3stico Auto, sendo fornecedor de marcas homologadas das marcas Peugeot, Citroen, Renault\/Nissan, Mitsubishi. Com o evoluir do [&hellip;]","og_url":"https:\/\/autotec.pt\/demo\/?page_id=2","og_site_name":"AUTOTEC, Lda","article_modified_time":"2024-01-20T09:48:06+00:00","twitter_card":"summary_large_image","twitter_misc":{"Tempo estimado de leitura":"1 minuto"},"schema":{"@context":"https:\/\/schema.org","@graph":[{"@type":"WebPage","@id":"https:\/\/autotec.pt\/demo\/?page_id=2","url":"https:\/\/autotec.pt\/demo\/?page_id=2","name":"Sobre n\u00f3s - AUTOTEC, Lda","isPartOf":{"@id":"https:\/\/autotec.pt\/demo\/#website"},"datePublished":"2024-01-10T16:12:47+00:00","dateModified":"2024-01-20T09:48:06+00:00","breadcrumb":{"@id":"https:\/\/autotec.pt\/demo\/?page_id=2#breadcrumb"},"inLanguage":"pt-PT","potentialAction":[{"@type":"ReadAction","target":["https:\/\/autotec.pt\/demo\/?page_id=2"]}]},{"@type":"BreadcrumbList","@id":"https:\/\/autotec.pt\/demo\/?page_id=2#breadcrumb","itemListElement":[{"@type":"ListItem","position":1,"name":"In\u00edcio","item":"https:\/\/autotec.pt\/demo\/"},{"@type":"ListItem","position":2,"name":"Sobre n\u00f3s"}]},{"@type":"WebSite","@id":"https:\/\/autotec.pt\/demo\/#website","url":"https:\/\/autotec.pt\/demo\/","name":"AUTOTEC, Lda","description":"T\u00e9cnicas de Equipamento Auto","potentialAction":[{"@type":"SearchAction","target":{"@type":"EntryPoint","urlTemplate":"https:\/\/autotec.pt\/demo\/?s={search_term_string}"},"query-input":{"@type":"PropertyValueSpecification","valueRequired":true,"valueName":"search_term_string"}}],"inLanguage":"pt-PT"}]}},"_links":{"self":[{"href":"https:\/\/autotec.pt\/demo\/index.php?rest_route=\/wp\/v2\/pages\/2","targetHints":{"allow":["GET"]}}],"collection":[{"href":"https:\/\/autotec.pt\/demo\/index.php?rest_route=\/wp\/v2\/pages"}],"about":[{"href":"https:\/\/autotec.pt\/demo\/index.php?rest_route=\/wp\/v2\/types\/page"}],"author":[{"embeddable":true,"href":"https:\/\/autotec.pt\/demo\/index.php?rest_route=\/wp\/v2\/users\/1"}],"replies":[{"embeddable":true,"href":"https:\/\/autotec.pt\/demo\/index.php?rest_route=%2Fwp%2Fv2%2Fcomments&post=2"}],"version-history":[{"count":5,"href":"https:\/\/autotec.pt\/demo\/index.php?rest_route=\/wp\/v2\/pages\/2\/revisions"}],"predecessor-version":[{"id":292,"href":"https:\/\/autotec.pt\/demo\/index.php?rest_route=\/wp\/v2\/pages\/2\/revisions\/292"}],"wp:attachment":[{"href":"https:\/\/autotec.pt\/demo\/index.php?rest_route=%2Fwp%2Fv2%2Fmedia&parent=2"}],"curies":[{"name":"wp","href":"https:\/\/api.w.org\/{rel}","templated":true}]}}