{"id":32,"date":"2024-01-10T18:51:41","date_gmt":"2024-01-10T18:51:41","guid":{"rendered":"http:\/\/autotec.pt.c50.previewmysite.eu\/demo\/?page_id=32"},"modified":"2025-03-08T01:26:03","modified_gmt":"2025-03-08T01:26:03","slug":"home","status":"publish","type":"page","link":"https:\/\/autotec.pt\/demo\/","title":{"rendered":"Home"},"content":{"rendered":"<p>[vc_row][vc_column]\n\t\t\t<!-- START Slider 1 REVOLUTION SLIDER 6.3.5 --><p class=\"rs-p-wp-fix\"><\/p>\n\t\t\t<rs-module-wrap id=\"rev_slider_1_1_wrapper\" data-source=\"gallery\" style=\"background:transparent;padding:0;margin:0px auto;margin-top:0;margin-bottom:0;\">\n\t\t\t\t<rs-module id=\"rev_slider_1_1\" style=\"\" data-version=\"6.3.5\">\n\t\t\t\t\t<rs-slides>\n\t\t\t\t\t\t<rs-slide data-key=\"rs-1\" data-title=\"Slide\" data-anim=\"ei:d;eo:d;s:1000;r:0;t:fade;sl:0;\">\n\t\t\t\t\t\t\t<img loading=\"lazy\" decoding=\"async\" src=\"\/\/autotec.pt\/demo\/wp-content\/uploads\/2024\/01\/eleva2.jpg\" width=\"2560\" height=\"570\" class=\"rev-slidebg\" data-no-retina>\n<!---->\t\t\t\t\t\t<\/rs-slide>\n\t\t\t\t\t<\/rs-slides>\n\t\t\t\t<\/rs-module>\n\t\t\t\t<script type=\"text\/javascript\">\n\t\t\t\t\tsetREVStartSize({c: 'rev_slider_1_1',rl:[1240,1024,778,480],el:[900],gw:[1240],gh:[900],type:'standard',justify:'',layout:'fullwidth',mh:\"0\"});\n\t\t\t\t\tvar\trevapi1,\n\t\t\t\t\t\ttpj;\n\t\t\t\t\tfunction revinit_revslider11() {\n\t\t\t\t\tjQuery(function() {\n\t\t\t\t\t\ttpj = jQuery;\n\t\t\t\t\t\trevapi1 = tpj(\"#rev_slider_1_1\");\n\t\t\t\t\t\tif(revapi1==undefined || revapi1.revolution == undefined){\n\t\t\t\t\t\t\trevslider_showDoubleJqueryError(\"rev_slider_1_1\");\n\t\t\t\t\t\t}else{\n\t\t\t\t\t\t\trevapi1.revolution({\n\t\t\t\t\t\t\t\tsliderLayout:\"fullwidth\",\n\t\t\t\t\t\t\t\tvisibilityLevels:\"1240,1024,778,480\",\n\t\t\t\t\t\t\t\tgridwidth:1240,\n\t\t\t\t\t\t\t\tgridheight:900,\n\t\t\t\t\t\t\t\tperspective:600,\n\t\t\t\t\t\t\t\tperspectiveType:\"global\",\n\t\t\t\t\t\t\t\teditorheight:\"900,768,960,720\",\n\t\t\t\t\t\t\t\tresponsiveLevels:\"1240,1024,778,480\",\n\t\t\t\t\t\t\t\tprogressBar:{disableProgressBar:true},\n\t\t\t\t\t\t\t\tnavigation: {\n\t\t\t\t\t\t\t\t\tonHoverStop:false\n\t\t\t\t\t\t\t\t},\n\t\t\t\t\t\t\t\tfallbacks: {\n\t\t\t\t\t\t\t\t\tallowHTML5AutoPlayOnAndroid:true\n\t\t\t\t\t\t\t\t},\n\t\t\t\t\t\t\t});\n\t\t\t\t\t\t}\n\t\t\t\t\t\t\n\t\t\t\t\t});\n\t\t\t\t\t} \/\/ End of RevInitScript\n\t\t\t\tvar once_revslider11 = false;\n\t\t\t\tif (document.readyState === \"loading\") {document.addEventListener('readystatechange',function() { if((document.readyState === \"interactive\" || document.readyState === \"complete\") && !once_revslider11 ) { once_revslider11 = true; revinit_revslider11();}});} else {once_revslider11 = true; revinit_revslider11();}\n\t\t\t\t<\/script>\n\t\t\t<\/rs-module-wrap>\n\t\t\t<!-- END REVOLUTION SLIDER -->\n[vc_empty_space height=&#8221;52&#8243;][\/vc_column][\/vc_row][vc_row][vc_column][vc_column_text]<\/p>\n<h5><span style=\"color: #333399;\">Bem-vindo(a)<\/span><\/h5>\n<p>[\/vc_column_text][vc_column_text]A Autotec \u00e9 uma empresa fundada em 1987 vocacionada para a comercializa\u00e7\u00e3o e assist\u00eancia t\u00e9cnica a equipamentos para oficinas.<\/p>\n<p>Representa desde essa data em exclusivo conceituados fabricantes Europeus de diagn\u00f3stico Auto, sendo fornecedor de marcas homologadas das marcas Peugeot, Citroen, Renault\/Nissan, Mitsubishi.<\/p>\n<p>Com o evoluir do mercado, alargou a sua gama de produtos, podendo hoje oferecer uma vasta gama de equipamentos para montar uma oficina Auto, desde o diagn\u00f3stico, mec\u00e2nica, A\/C, pneus, chapa, pintura at\u00e9 aos centros de inspec\u00e7\u00e3o IPO.<\/p>\n<p>Durante estes 37 anos de trabalho, pensamos ter desenvolvido uma rela\u00e7\u00e3o not\u00e1vel fornecedor\/cliente n\u00e3o descurando de apresentar anualmente todas as novidades que v\u00e3o aparecendo no mercado internacional.<\/p>\n<p>[\/vc_column_text][\/vc_column][\/vc_row][vc_row][vc_column width=&#8221;1\/2&#8243;][vc_single_image image=&#8221;202&#8243; img_size=&#8221;full&#8221; alignment=&#8221;center&#8221;][vc_column_text]<\/p>\n<h6 style=\"text-align: center;\"><strong><span style=\"color: #333399;\">A nossa Miss\u00e3o<\/span><\/strong><\/h6>\n<p>[\/vc_column_text][vc_column_text]Temos por miss\u00e3o oferecer, aos nossos clientes, a melhor solu\u00e7\u00e3o integrada em equipamentos para oficinas, atrav\u00e9s de uma rela\u00e7\u00e3o t\u00e9cnico-comercial forte, caracterizada pelo profissionalismo dos nossos colaboradores, incentivando a confian\u00e7a m\u00fatua de modo a perpetuar as rela\u00e7\u00f5es Autotec-Cliente.[\/vc_column_text][vc_single_image image=&#8221;203&#8243; img_size=&#8221;full&#8221; alignment=&#8221;center&#8221;][vc_column_text]<\/p>\n<h6 style=\"text-align: center;\"><strong><span style=\"color: #333399;\">O nosso Objectivo<\/span><\/strong><\/h6>\n<p>[\/vc_column_text][vc_column_text]Ser o parceiro de refer\u00eancia no mercado de equipamentos oficinais.[\/vc_column_text][\/vc_column][vc_column width=&#8221;1\/2&#8243;][vc_single_image image=&#8221;206&#8243; img_size=&#8221;full&#8221; alignment=&#8221;center&#8221; style=&#8221;vc_box_shadow_3d&#8221;][\/vc_column][\/vc_row][vc_row full_width=&#8221;stretch_row&#8221;][vc_column width=&#8221;1\/5&#8243;][\/vc_column][vc_column width=&#8221;1\/5&#8243;][\/vc_column][vc_column width=&#8221;1\/5&#8243;][vc_empty_space height=&#8221;42&#8243;][vc_column_text]<\/p>\n<h3 style=\"text-align: center;\"><span style=\"color: #00358e;\"><strong>Produtos<\/strong><\/span><\/h3>\n<p>[\/vc_column_text][vc_empty_space height=&#8221;42&#8243;][\/vc_column][vc_column width=&#8221;1\/5&#8243;][\/vc_column][vc_column width=&#8221;1\/5&#8243;][\/vc_column][\/vc_row][vc_row full_width=&#8221;stretch_row_content&#8221;][vc_column][vc_row_inner el_class=&#8221;row white&#8221;][vc_column_inner width=&#8221;1\/4&#8243;][vc_single_image image=&#8221;175&#8243; img_size=&#8221;400&#215;300&#8243; alignment=&#8221;center&#8221; onclick=&#8221;custom_link&#8221; link=&#8221;http:\/\/autotec.pt.c50.previewmysite.eu\/demo\/?page_id=152&#8243;][vc_empty_space height=&#8221;15&#8243;][vc_column_text css=&#8221;.vc_custom_1705840891758{padding-top: 15px !important;padding-bottom: 15px !important;background-color: #00358e !important;}&#8221;]<\/p>\n<h4 style=\"text-align: center;\"><span style=\"color: #ffffff;\"><a style=\"color: #ffffff;\" href=\"http:\/\/autotec.pt.c50.previewmysite.eu\/demo\/?page_id=333\"><strong>Linhas de inspec\u00e7\u00e3o<\/strong><\/a><\/span><\/h4>\n<p>[\/vc_column_text][vc_empty_space height=&#8221;15&#8243;][\/vc_column_inner][vc_column_inner width=&#8221;1\/4&#8243;][vc_single_image image=&#8221;63&#8243; img_size=&#8221;400&#215;300&#8243; alignment=&#8221;center&#8221; onclick=&#8221;custom_link&#8221; link=&#8221;http:\/\/autotec.pt.c50.previewmysite.eu\/demo\/?page_id=163&#8243;][vc_empty_space height=&#8221;15&#8243;][vc_column_text css=&#8221;.vc_custom_1705840771603{padding-top: 15px !important;padding-bottom: 15px !important;background-color: #00358e !important;}&#8221;]<\/p>\n<h4 style=\"text-align: center;\"><span style=\"color: #ffffff;\"><a style=\"color: #ffffff;\" href=\"http:\/\/autotec.pt.c50.previewmysite.eu\/demo\/?page_id=163\"><strong>Diagn\u00f3stico<br \/>\n<\/strong><\/a><\/span><\/h4>\n<p>[\/vc_column_text][vc_empty_space height=&#8221;15&#8243;][\/vc_column_inner][vc_column_inner width=&#8221;1\/4&#8243;][vc_single_image image=&#8221;115&#8243; img_size=&#8221;400&#215;300&#8243; alignment=&#8221;center&#8221; onclick=&#8221;custom_link&#8221; link=&#8221;http:\/\/autotec.pt.c50.previewmysite.eu\/demo\/?page_id=314&#8243;][vc_empty_space height=&#8221;15&#8243;][vc_column_text css=&#8221;.vc_custom_1705840820923{padding-top: 15px !important;padding-bottom: 15px !important;background-color: #00358e !important;}&#8221;]<\/p>\n<h4 style=\"text-align: center;\"><span style=\"color: #ffffff;\"><a style=\"color: #ffffff;\" href=\"http:\/\/autotec.pt.c50.previewmysite.eu\/demo\/?page_id=314\"><strong>Elevadores<\/strong><\/a><\/span><\/h4>\n<p>[\/vc_column_text][vc_empty_space height=&#8221;15&#8243;][\/vc_column_inner][vc_column_inner width=&#8221;1\/4&#8243;][vc_single_image image=&#8221;113&#8243; img_size=&#8221;400&#215;300&#8243; alignment=&#8221;center&#8221; onclick=&#8221;custom_link&#8221; link=&#8221;http:\/\/autotec.pt.c50.previewmysite.eu\/demo\/?page_id=322&#8243;][vc_empty_space height=&#8221;15&#8243;][vc_column_text css=&#8221;.vc_custom_1705840830892{padding-top: 15px !important;padding-bottom: 15px !important;background-color: #00358e !important;}&#8221;]<\/p>\n<h4 style=\"text-align: center;\"><span style=\"color: #ffffff;\"><a style=\"color: #ffffff;\" href=\"http:\/\/autotec.pt.c50.previewmysite.eu\/demo\/?page_id=322\"><strong>Alinhamento<\/strong><\/a><\/span><\/h4>\n<p>[\/vc_column_text][vc_empty_space height=&#8221;15&#8243;][\/vc_column_inner][\/vc_row_inner][vc_row_inner el_class=&#8221;row white&#8221;][vc_column_inner width=&#8221;1\/4&#8243;][vc_single_image image=&#8221;169&#8243; img_size=&#8221;400&#215;300&#8243; alignment=&#8221;center&#8221; onclick=&#8221;custom_link&#8221; link=&#8221;http:\/\/autotec.pt.c50.previewmysite.eu\/demo\/?page_id=333&#8243;][vc_empty_space height=&#8221;15&#8243;][vc_column_text css=&#8221;.vc_custom_1705840863806{padding-top: 15px !important;padding-bottom: 15px !important;background-color: #00358e !important;}&#8221;]<\/p>\n<h4 style=\"text-align: center;\"><span style=\"color: #ffffff;\"><a style=\"color: #ffffff;\" href=\"http:\/\/autotec.pt.c50.previewmysite.eu\/demo\/?page_id=333\"><strong>Montagem pneus<\/strong><\/a><\/span><\/h4>\n<p>[\/vc_column_text][vc_empty_space height=&#8221;15&#8243;][\/vc_column_inner][vc_column_inner width=&#8221;1\/4&#8243;][vc_single_image image=&#8221;387&#8243; img_size=&#8221;400&#215;300&#8243; alignment=&#8221;center&#8221; onclick=&#8221;custom_link&#8221; link=&#8221;http:\/\/autotec.pt.c50.previewmysite.eu\/demo\/?page_id=379&#8243;][vc_empty_space height=&#8221;15&#8243;][vc_column_text css=&#8221;.vc_custom_1705840970903{padding-top: 15px !important;padding-bottom: 15px !important;background-color: #00358e !important;}&#8221;]<\/p>\n<h4 style=\"text-align: center;\"><span style=\"color: #ffffff;\"><a style=\"color: #ffffff;\" href=\"http:\/\/autotec.pt.c50.previewmysite.eu\/demo\/?page_id=379\"><strong>Bancos esticadores<\/strong><\/a><\/span><\/h4>\n<p>[\/vc_column_text][vc_empty_space height=&#8221;15&#8243;][\/vc_column_inner][vc_column_inner width=&#8221;1\/4&#8243;][vc_single_image image=&#8221;190&#8243; img_size=&#8221;400&#215;300&#8243; alignment=&#8221;center&#8221; onclick=&#8221;custom_link&#8221; link=&#8221;http:\/\/autotec.pt.c50.previewmysite.eu\/demo\/?page_id=434&#8243;][vc_empty_space height=&#8221;15&#8243;][vc_column_text css=&#8221;.vc_custom_1715800165769{padding-top: 15px !important;padding-bottom: 15px !important;background-color: #00358e !important;}&#8221;]<\/p>\n<h4 style=\"text-align: center;\"><a href=\"http:\/\/autotec.pt.c50.previewmysite.eu\/demo\/?page_id=434\"><span style=\"color: #ffffff;\"><strong>Capa e pintura<\/strong><\/span><\/a><\/h4>\n<p>[\/vc_column_text][vc_empty_space height=&#8221;15&#8243;][\/vc_column_inner][vc_column_inner width=&#8221;1\/4&#8243;][vc_single_image image=&#8221;183&#8243; img_size=&#8221;400&#215;300&#8243; alignment=&#8221;center&#8221; onclick=&#8221;custom_link&#8221; link=&#8221;http:\/\/autotec.pt.c50.previewmysite.eu\/demo\/?page_id=438&#8243;][vc_empty_space height=&#8221;15&#8243;][vc_column_text css=&#8221;.vc_custom_1715803735934{padding-top: 15px !important;padding-bottom: 15px !important;background-color: #00358e !important;}&#8221;]<\/p>\n<h4 style=\"text-align: center;\"><a href=\"http:\/\/autotec.pt.c50.previewmysite.eu\/demo\/?page_id=438\"><span style=\"color: #ffffff;\"><strong>Ar condicionado<\/strong><\/span><\/a><\/h4>\n<p>[\/vc_column_text][vc_empty_space height=&#8221;15&#8243;][\/vc_column_inner][\/vc_row_inner][vc_row_inner el_class=&#8221;row white&#8221;][vc_column_inner width=&#8221;1\/4&#8243;][vc_single_image image=&#8221;187&#8243; img_size=&#8221;400&#215;300&#8243; alignment=&#8221;center&#8221; onclick=&#8221;custom_link&#8221; link=&#8221;http:\/\/autotec.pt.c50.previewmysite.eu\/demo\/?page_id=447&#8243;][vc_empty_space height=&#8221;15&#8243;][vc_column_text css=&#8221;.vc_custom_1717512444120{padding-top: 15px !important;padding-bottom: 15px !important;background-color: #00358e !important;}&#8221;]<\/p>\n<h4 style=\"text-align: center;\"><a href=\"http:\/\/autotec.pt.c50.previewmysite.eu\/demo\/?page_id=447\"><span style=\"color: #ffffff;\"><strong>Compressores<\/strong><\/span><\/a><\/h4>\n<p>[\/vc_column_text][vc_empty_space height=&#8221;15&#8243;][\/vc_column_inner][vc_column_inner width=&#8221;1\/4&#8243;][vc_single_image image=&#8221;192&#8243; img_size=&#8221;400&#215;300&#8243; alignment=&#8221;center&#8221; onclick=&#8221;custom_link&#8221; link=&#8221;http:\/\/autotec.pt.c50.previewmysite.eu\/demo\/?page_id=458&#8243;][vc_empty_space height=&#8221;15&#8243;][vc_column_text css=&#8221;.vc_custom_1717513071840{padding-top: 15px !important;padding-bottom: 15px !important;background-color: #00358e !important;}&#8221;]<\/p>\n<h4 style=\"text-align: center;\"><a href=\"http:\/\/autotec.pt.c50.previewmysite.eu\/demo\/?page_id=458\"><span style=\"color: #ffffff;\"><strong>Lavagem de pe\u00e7as<\/strong><\/span><\/a><\/h4>\n<p>[\/vc_column_text][vc_empty_space height=&#8221;15&#8243;][\/vc_column_inner][vc_column_inner width=&#8221;1\/4&#8243;][vc_single_image image=&#8221;430&#8243; img_size=&#8221;400&#215;300&#8243; alignment=&#8221;center&#8221; onclick=&#8221;custom_link&#8221; link=&#8221;http:\/\/autotec.pt.c50.previewmysite.eu\/demo\/?page_id=479&#8243;][vc_empty_space height=&#8221;15&#8243;][vc_column_text css=&#8221;.vc_custom_1717570136144{padding-top: 15px !important;padding-bottom: 15px !important;background-color: #00358e !important;}&#8221;]<\/p>\n<h4 style=\"text-align: center;\"><a href=\"http:\/\/autotec.pt.c50.previewmysite.eu\/demo\/?page_id=479\"><span style=\"color: #ffffff;\"><strong>Soldadura<\/strong><\/span><\/a><\/h4>\n<p>[\/vc_column_text][vc_empty_space height=&#8221;15&#8243;][\/vc_column_inner][vc_column_inner width=&#8221;1\/4&#8243;][vc_single_image image=&#8221;117&#8243; img_size=&#8221;400&#215;300&#8243; alignment=&#8221;center&#8221; onclick=&#8221;custom_link&#8221; link=&#8221;http:\/\/autotec.pt.c50.previewmysite.eu\/demo\/?page_id=486&#8243;][vc_empty_space height=&#8221;15&#8243;][vc_column_text css=&#8221;.vc_custom_1717571328073{padding-top: 15px !important;padding-bottom: 15px !important;background-color: #00358e !important;}&#8221;]<\/p>\n<h4 style=\"text-align: center;\"><a href=\"http:\/\/autotec.pt.c50.previewmysite.eu\/demo\/?page_id=486\"><span style=\"color: #ffffff;\"><strong>Prensas<\/strong><\/span><\/a><\/h4>\n<p>[\/vc_column_text][vc_empty_space height=&#8221;15&#8243;][\/vc_column_inner][\/vc_row_inner][vc_row_inner el_class=&#8221;row white&#8221;][vc_column_inner width=&#8221;1\/4&#8243;][vc_single_image image=&#8221;119&#8243; img_size=&#8221;400&#215;300&#8243; alignment=&#8221;center&#8221; onclick=&#8221;custom_link&#8221; link=&#8221;http:\/\/autotec.pt.c50.previewmysite.eu\/demo\/?page_id=490&#8243;][vc_empty_space height=&#8221;15&#8243;][vc_column_text css=&#8221;.vc_custom_1717571638619{padding-top: 15px !important;padding-bottom: 15px !important;background-color: #00358e !important;}&#8221;]<\/p>\n<h4 style=\"text-align: center;\"><a href=\"http:\/\/autotec.pt.c50.previewmysite.eu\/demo\/?page_id=490\"><span style=\"color: #ffffff;\"><strong>Gruas e macacos<\/strong><\/span><\/a><\/h4>\n<p>[\/vc_column_text][vc_empty_space height=&#8221;15&#8243;][\/vc_column_inner][vc_column_inner width=&#8221;1\/4&#8243;][vc_single_image image=&#8221;167&#8243; img_size=&#8221;400&#215;300&#8243; alignment=&#8221;center&#8221; onclick=&#8221;custom_link&#8221; link=&#8221;http:\/\/autotec.pt.c50.previewmysite.eu\/demo\/?page_id=494&#8243;][vc_empty_space height=&#8221;15&#8243;][vc_column_text css=&#8221;.vc_custom_1719946003692{padding-top: 15px !important;padding-bottom: 15px !important;background-color: #00358e !important;}&#8221;]<\/p>\n<h4 style=\"text-align: center;\"><a href=\"http:\/\/autotec.pt.c50.previewmysite.eu\/demo\/?page_id=494\"><span style=\"color: #ffffff;\"><strong>Aspiradores de \u00f3leo<\/strong><\/span><\/a><\/h4>\n<p>[\/vc_column_text][vc_empty_space height=&#8221;15&#8243;][\/vc_column_inner][vc_column_inner width=&#8221;1\/4&#8243;][vc_single_image image=&#8221;177&#8243; img_size=&#8221;400&#215;300&#8243; alignment=&#8221;center&#8221; onclick=&#8221;custom_link&#8221; link=&#8221;http:\/\/autotec.pt.c50.previewmysite.eu\/demo\/?page_id=499&#8243;][vc_empty_space height=&#8221;15&#8243;][vc_column_text css=&#8221;.vc_custom_1720022667398{padding-top: 15px !important;padding-bottom: 15px !important;background-color: #00358e !important;}&#8221;]<\/p>\n<h4 style=\"text-align: center;\"><a href=\"http:\/\/autotec.pt.c50.previewmysite.eu\/demo\/?page_id=499\"><span style=\"color: #ffffff;\"><strong>Equip. para ve\u00edculos pesados<\/strong><\/span><\/a><\/h4>\n<p>[\/vc_column_text][vc_empty_space height=&#8221;15&#8243;][\/vc_column_inner][vc_column_inner width=&#8221;1\/4&#8243;][vc_single_image image=&#8221;250&#8243; img_size=&#8221;400&#215;300&#8243; alignment=&#8221;center&#8221; onclick=&#8221;custom_link&#8221; link=&#8221;http:\/\/autotec.pt.c50.previewmysite.eu\/demo\/?page_id=512&#8243;][vc_empty_space height=&#8221;15&#8243;][vc_column_text css=&#8221;.vc_custom_1720022809018{padding-top: 15px !important;padding-bottom: 15px !important;background-color: #00358e !important;}&#8221;]<\/p>\n<h4 style=\"text-align: center;\"><a href=\"http:\/\/autotec.pt.c50.previewmysite.eu\/demo\/?page_id=512\"><span style=\"color: #ffffff;\"><strong>Diversos<\/strong><\/span><\/a><\/h4>\n<p>[\/vc_column_text][vc_empty_space height=&#8221;15&#8243;][\/vc_column_inner][\/vc_row_inner][\/vc_column][\/vc_row][vc_row][vc_column][vc_empty_space height=&#8221;42&#8243;][\/vc_column][\/vc_row]<\/p>\n","protected":false},"excerpt":{"rendered":"<p>[vc_row][vc_column][vc_empty_space height=&#8221;52&#8243;][\/vc_column][\/vc_row][vc_row][vc_column][vc_column_text] Bem-vindo(a) [\/vc_column_text][vc_column_text]A Autotec \u00e9 uma empresa fundada em 1987 vocacionada para a comercializa\u00e7\u00e3o e assist\u00eancia t\u00e9cnica a equipamentos para oficinas. Representa desde essa data em exclusivo conceituados fabricantes Europeus de diagn\u00f3stico Auto, sendo fornecedor de marcas homologadas das marcas Peugeot, Citroen, Renault\/Nissan, Mitsubishi. Com o evoluir do mercado, alargou a sua gama de [&hellip;]<\/p>\n","protected":false},"author":2,"featured_media":0,"parent":0,"menu_order":0,"comment_status":"closed","ping_status":"closed","template":"","meta":{"footnotes":""},"class_list":["post-32","page","type-page","status-publish","hentry"],"yoast_head":"<!-- This site is optimized with the Yoast SEO plugin v24.6 - https:\/\/yoast.com\/wordpress\/plugins\/seo\/ -->\n<title>Home - AUTOTEC, Lda<\/title>\n<meta name=\"robots\" content=\"index, follow, max-snippet:-1, max-image-preview:large, max-video-preview:-1\" \/>\n<link rel=\"canonical\" href=\"https:\/\/autotec.pt\/demo\/\" \/>\n<meta property=\"og:locale\" content=\"pt_PT\" \/>\n<meta property=\"og:type\" content=\"article\" \/>\n<meta property=\"og:title\" content=\"Home - AUTOTEC, Lda\" \/>\n<meta property=\"og:description\" content=\"[vc_row][vc_column][vc_empty_space height=&#8221;52&#8243;][\/vc_column][\/vc_row][vc_row][vc_column][vc_column_text] Bem-vindo(a) [\/vc_column_text][vc_column_text]A Autotec \u00e9 uma empresa fundada em 1987 vocacionada para a comercializa\u00e7\u00e3o e assist\u00eancia t\u00e9cnica a equipamentos para oficinas. Representa desde essa data em exclusivo conceituados fabricantes Europeus de diagn\u00f3stico Auto, sendo fornecedor de marcas homologadas das marcas Peugeot, Citroen, Renault\/Nissan, Mitsubishi. Com o evoluir do mercado, alargou a sua gama de [&hellip;]\" \/>\n<meta property=\"og:url\" content=\"https:\/\/autotec.pt\/demo\/\" \/>\n<meta property=\"og:site_name\" content=\"AUTOTEC, Lda\" \/>\n<meta property=\"article:modified_time\" content=\"2025-03-08T01:26:03+00:00\" \/>\n<meta name=\"twitter:card\" content=\"summary_large_image\" \/>\n<meta name=\"twitter:label1\" content=\"Tempo estimado de leitura\" \/>\n\t<meta name=\"twitter:data1\" content=\"3 minutos\" \/>\n<script type=\"application\/ld+json\" class=\"yoast-schema-graph\">{\"@context\":\"https:\/\/schema.org\",\"@graph\":[{\"@type\":\"WebPage\",\"@id\":\"https:\/\/autotec.pt\/demo\/\",\"url\":\"https:\/\/autotec.pt\/demo\/\",\"name\":\"Home - AUTOTEC, Lda\",\"isPartOf\":{\"@id\":\"https:\/\/autotec.pt\/demo\/#website\"},\"datePublished\":\"2024-01-10T18:51:41+00:00\",\"dateModified\":\"2025-03-08T01:26:03+00:00\",\"breadcrumb\":{\"@id\":\"https:\/\/autotec.pt\/demo\/#breadcrumb\"},\"inLanguage\":\"pt-PT\",\"potentialAction\":[{\"@type\":\"ReadAction\",\"target\":[\"https:\/\/autotec.pt\/demo\/\"]}]},{\"@type\":\"BreadcrumbList\",\"@id\":\"https:\/\/autotec.pt\/demo\/#breadcrumb\",\"itemListElement\":[{\"@type\":\"ListItem\",\"position\":1,\"name\":\"In\u00edcio\",\"item\":\"https:\/\/autotec.pt\/demo\/\"},{\"@type\":\"ListItem\",\"position\":2,\"name\":\"Home\"}]},{\"@type\":\"WebSite\",\"@id\":\"https:\/\/autotec.pt\/demo\/#website\",\"url\":\"https:\/\/autotec.pt\/demo\/\",\"name\":\"AUTOTEC, Lda\",\"description\":\"T\u00e9cnicas de Equipamento Auto\",\"potentialAction\":[{\"@type\":\"SearchAction\",\"target\":{\"@type\":\"EntryPoint\",\"urlTemplate\":\"https:\/\/autotec.pt\/demo\/?s={search_term_string}\"},\"query-input\":{\"@type\":\"PropertyValueSpecification\",\"valueRequired\":true,\"valueName\":\"search_term_string\"}}],\"inLanguage\":\"pt-PT\"}]}<\/script>\n<!-- \/ Yoast SEO plugin. -->","yoast_head_json":{"title":"Home - AUTOTEC, Lda","robots":{"index":"index","follow":"follow","max-snippet":"max-snippet:-1","max-image-preview":"max-image-preview:large","max-video-preview":"max-video-preview:-1"},"canonical":"https:\/\/autotec.pt\/demo\/","og_locale":"pt_PT","og_type":"article","og_title":"Home - AUTOTEC, Lda","og_description":"[vc_row][vc_column][vc_empty_space height=&#8221;52&#8243;][\/vc_column][\/vc_row][vc_row][vc_column][vc_column_text] Bem-vindo(a) [\/vc_column_text][vc_column_text]A Autotec \u00e9 uma empresa fundada em 1987 vocacionada para a comercializa\u00e7\u00e3o e assist\u00eancia t\u00e9cnica a equipamentos para oficinas. Representa desde essa data em exclusivo conceituados fabricantes Europeus de diagn\u00f3stico Auto, sendo fornecedor de marcas homologadas das marcas Peugeot, Citroen, Renault\/Nissan, Mitsubishi. Com o evoluir do mercado, alargou a sua gama de [&hellip;]","og_url":"https:\/\/autotec.pt\/demo\/","og_site_name":"AUTOTEC, Lda","article_modified_time":"2025-03-08T01:26:03+00:00","twitter_card":"summary_large_image","twitter_misc":{"Tempo estimado de leitura":"3 minutos"},"schema":{"@context":"https:\/\/schema.org","@graph":[{"@type":"WebPage","@id":"https:\/\/autotec.pt\/demo\/","url":"https:\/\/autotec.pt\/demo\/","name":"Home - AUTOTEC, Lda","isPartOf":{"@id":"https:\/\/autotec.pt\/demo\/#website"},"datePublished":"2024-01-10T18:51:41+00:00","dateModified":"2025-03-08T01:26:03+00:00","breadcrumb":{"@id":"https:\/\/autotec.pt\/demo\/#breadcrumb"},"inLanguage":"pt-PT","potentialAction":[{"@type":"ReadAction","target":["https:\/\/autotec.pt\/demo\/"]}]},{"@type":"BreadcrumbList","@id":"https:\/\/autotec.pt\/demo\/#breadcrumb","itemListElement":[{"@type":"ListItem","position":1,"name":"In\u00edcio","item":"https:\/\/autotec.pt\/demo\/"},{"@type":"ListItem","position":2,"name":"Home"}]},{"@type":"WebSite","@id":"https:\/\/autotec.pt\/demo\/#website","url":"https:\/\/autotec.pt\/demo\/","name":"AUTOTEC, Lda","description":"T\u00e9cnicas de Equipamento Auto","potentialAction":[{"@type":"SearchAction","target":{"@type":"EntryPoint","urlTemplate":"https:\/\/autotec.pt\/demo\/?s={search_term_string}"},"query-input":{"@type":"PropertyValueSpecification","valueRequired":true,"valueName":"search_term_string"}}],"inLanguage":"pt-PT"}]}},"_links":{"self":[{"href":"https:\/\/autotec.pt\/demo\/index.php?rest_route=\/wp\/v2\/pages\/32","targetHints":{"allow":["GET"]}}],"collection":[{"href":"https:\/\/autotec.pt\/demo\/index.php?rest_route=\/wp\/v2\/pages"}],"about":[{"href":"https:\/\/autotec.pt\/demo\/index.php?rest_route=\/wp\/v2\/types\/page"}],"author":[{"embeddable":true,"href":"https:\/\/autotec.pt\/demo\/index.php?rest_route=\/wp\/v2\/users\/2"}],"replies":[{"embeddable":true,"href":"https:\/\/autotec.pt\/demo\/index.php?rest_route=%2Fwp%2Fv2%2Fcomments&post=32"}],"version-history":[{"count":31,"href":"https:\/\/autotec.pt\/demo\/index.php?rest_route=\/wp\/v2\/pages\/32\/revisions"}],"predecessor-version":[{"id":522,"href":"https:\/\/autotec.pt\/demo\/index.php?rest_route=\/wp\/v2\/pages\/32\/revisions\/522"}],"wp:attachment":[{"href":"https:\/\/autotec.pt\/demo\/index.php?rest_route=%2Fwp%2Fv2%2Fmedia&parent=32"}],"curies":[{"name":"wp","href":"https:\/\/api.w.org\/{rel}","templated":true}]}}